{"id":6,"date":"2021-04-24T12:14:24","date_gmt":"2021-04-24T15:14:24","guid":{"rendered":"http:\/\/copconsultasmedicas.com.br\/?page_id=6"},"modified":"2024-09-17T09:08:58","modified_gmt":"2024-09-17T12:08:58","slug":"o-novo-umoma-abre-suas-portas-2","status":"publish","type":"page","link":"https:\/\/copconsultasmedicas.com.br\/","title":{"rendered":"Refer\u00eancia em Oftalmologia"},"content":{"rendered":"\n<div class=\"wp-block-group alignwide\"><div class=\"wp-block-group__inner-container is-layout-flow wp-block-group-is-layout-flow\">\n<h2 class=\"wp-block-heading has-text-align-center\">A principal refer\u00eancia em Sa\u00fade oftalmol\u00f3gica em Nova Contagem e regi\u00e3o.<\/h2>\n<\/div><\/div>\n\n\n\n<div class=\"wp-block-group alignwide\"><div class=\"wp-block-group__inner-container is-layout-flow wp-block-group-is-layout-flow\">\n<h2 class=\"wp-block-heading has-text-align-center has-accent-color has-text-color\">&#8220;O melhor tratamento oftalmol\u00f3gico da regi\u00e3o, da refra\u00e7\u00e3o ao fundo de olho&#8221;.<\/h2>\n<\/div><\/div>\n\n\n\n<p class=\"has-drop-cap\">Com uma infraestrutura adequada e completamente aderente aos protocolos de sa\u00fade a COP Consultas M\u00e9dicas disp\u00f5e de moderno consult\u00f3rio para um atendimento de qualidade.<\/p>\n\n\n\n<p>Contando com profissionais em oftalmologia a COP pode oferecer a seus clientes um completo tratamento. Dispondo dos mais modernos aparelhos e uma vasta gama de servi\u00e7os.<\/p>\n\n\n\n<figure class=\"wp-block-image alignwide size-full\"><img fetchpriority=\"high\" decoding=\"async\" width=\"1000\" height=\"1000\" src=\"https:\/\/copconsultasmedicas.com.br\/wp-content\/uploads\/2024\/09\/COP1.jpg\" alt=\"\" class=\"wp-image-104\" srcset=\"https:\/\/copconsultasmedicas.com.br\/wp-content\/uploads\/2024\/09\/COP1.jpg 1000w, https:\/\/copconsultasmedicas.com.br\/wp-content\/uploads\/2024\/09\/COP1-300x300.jpg 300w, https:\/\/copconsultasmedicas.com.br\/wp-content\/uploads\/2024\/09\/COP1-150x150.jpg 150w, https:\/\/copconsultasmedicas.com.br\/wp-content\/uploads\/2024\/09\/COP1-768x768.jpg 768w\" sizes=\"(max-width: 1000px) 100vw, 1000px\" \/><\/figure>\n\n\n\n<div class=\"wp-block-group alignwide has-background\" style=\"background-color:#ffffff\"><div class=\"wp-block-group__inner-container is-layout-flow wp-block-group-is-layout-flow\">\n<div class=\"wp-block-group\"><div class=\"wp-block-group__inner-container is-layout-flow wp-block-group-is-layout-flow\">\n<h2 class=\"wp-block-heading has-text-align-center\">Mantenha sua qualidade de vida com a garantia da  melhor vis\u00e3o!<\/h2>\n\n\n\n<p class=\"has-text-align-center\">A COP oferece o melhor e mais completo exame de vista da regi\u00e3o! Uma consulta oftalmol\u00f3gica completa, com os mais modernos aparelhos e m\u00e9dicos de alta compet\u00eancia, com especializa\u00e7\u00e3o em glaucoma, catarata e muito mais.<\/p>\n\n\n\n<div class=\"wp-block-button aligncenter\"><a class=\"wp-block-button__link wp-element-button\" href=\"https:\/\/make.wordpress.org\/core\/2019\/09\/27\/block-editor-theme-related-updates-in-wordpress-5-3\/\">Venha CONHECER<\/a><\/div>\n<\/div><\/div>\n<\/div><\/div>\n","protected":false},"excerpt":{"rendered":"<p>A principal refer\u00eancia em Sa\u00fade oftalmol\u00f3gica em Nova Contagem e regi\u00e3o. &#8220;O melhor tratamento oftalmol\u00f3gico da regi\u00e3o, da refra\u00e7\u00e3o ao fundo de olho&#8221;. Com uma infraestrutura adequada e completamente aderente aos protocolos de sa\u00fade a COP Consultas M\u00e9dicas disp\u00f5e de moderno consult\u00f3rio para um atendimento de qualidade. Contando com profissionais em oftalmologia a COP pode [&hellip;]<\/p>\n","protected":false},"author":1,"featured_media":108,"parent":0,"menu_order":0,"comment_status":"closed","ping_status":"closed","template":"","meta":{"footnotes":""},"class_list":["post-6","page","type-page","status-publish","has-post-thumbnail","hentry"],"aioseo_notices":[],"_links":{"self":[{"href":"https:\/\/copconsultasmedicas.com.br\/index.php\/wp-json\/wp\/v2\/pages\/6","targetHints":{"allow":["GET"]}}],"collection":[{"href":"https:\/\/copconsultasmedicas.com.br\/index.php\/wp-json\/wp\/v2\/pages"}],"about":[{"href":"https:\/\/copconsultasmedicas.com.br\/index.php\/wp-json\/wp\/v2\/types\/page"}],"author":[{"embeddable":true,"href":"https:\/\/copconsultasmedicas.com.br\/index.php\/wp-json\/wp\/v2\/users\/1"}],"replies":[{"embeddable":true,"href":"https:\/\/copconsultasmedicas.com.br\/index.php\/wp-json\/wp\/v2\/comments?post=6"}],"version-history":[{"count":8,"href":"https:\/\/copconsultasmedicas.com.br\/index.php\/wp-json\/wp\/v2\/pages\/6\/revisions"}],"predecessor-version":[{"id":105,"href":"https:\/\/copconsultasmedicas.com.br\/index.php\/wp-json\/wp\/v2\/pages\/6\/revisions\/105"}],"wp:featuredmedia":[{"embeddable":true,"href":"https:\/\/copconsultasmedicas.com.br\/index.php\/wp-json\/wp\/v2\/media\/108"}],"wp:attachment":[{"href":"https:\/\/copconsultasmedicas.com.br\/index.php\/wp-json\/wp\/v2\/media?parent=6"}],"curies":[{"name":"wp","href":"https:\/\/api.w.org\/{rel}","templated":true}]}}