{"id":7,"date":"2021-04-24T12:14:24","date_gmt":"2021-04-24T15:14:24","guid":{"rendered":"http:\/\/copconsultasmedicas.com.br\/?page_id=7"},"modified":"2024-09-16T22:05:18","modified_gmt":"2024-09-17T01:05:18","slug":"sobre","status":"publish","type":"page","link":"https:\/\/copconsultasmedicas.com.br\/index.php\/sobre\/","title":{"rendered":"Sobre"},"content":{"rendered":"\n<p>Um novo conceito de trabalho compartilhado esta surgindo com a COP Exames de Vista! Com foco em oferecer um ambiente dedicado a consultas m\u00e9dicas em oftalmologia, a COP CoWorking M\u00e9dico \u00e9 uma empresa de loca\u00e7\u00e3o de infra estrutura e servi\u00e7os administrativos vinculados.<\/p>\n\n\n\n<figure class=\"wp-block-image size-full\"><img fetchpriority=\"high\" decoding=\"async\" width=\"876\" height=\"987\" src=\"https:\/\/copconsultasmedicas.com.br\/wp-content\/uploads\/2024\/09\/Logomarca-COP-2024-b.png\" alt=\"\" class=\"wp-image-100\" srcset=\"https:\/\/copconsultasmedicas.com.br\/wp-content\/uploads\/2024\/09\/Logomarca-COP-2024-b.png 876w, https:\/\/copconsultasmedicas.com.br\/wp-content\/uploads\/2024\/09\/Logomarca-COP-2024-b-266x300.png 266w, https:\/\/copconsultasmedicas.com.br\/wp-content\/uploads\/2024\/09\/Logomarca-COP-2024-b-768x865.png 768w\" sizes=\"(max-width: 876px) 100vw, 876px\" \/><\/figure>\n\n\n\n<p>\u00c9 poss\u00edvel locar o consult\u00f3rio para realiza\u00e7\u00e3o de consultas em oftalmologia! Todas as demandas necess\u00e1rias para a realiza\u00e7\u00e3o da consulta s\u00e3o oferecidas pela COP, deixando o especialista focado em sua atividade principal: cuidar bem do paciente!<\/p>\n\n\n\n<p>Oferecemos todo suporte administrativo, secret\u00e1ria, recepcionista, apoio no marketing, material de escrit\u00f3rio, ferramenta de gest\u00e3o m\u00e9dica e muito mais.<\/p>\n\n\n\n<p>Nosso ambiente \u00e9 cuidadosamente preparado para oferecer a melhor experi\u00eancia tanto para o profissional m\u00e9dico quanto para o paciente.<\/p>\n\n\n\n<p>Dentre os recursos oferecidos podemos citar:<\/p>\n\n\n\n<ul class=\"wp-block-list\">\n<li>Recep\u00e7\u00e3o completa;<\/li>\n\n\n\n<li>Salas de espera;<\/li>\n\n\n\n<li>Sanit\u00e1rios;<\/li>\n\n\n\n<li>Consult\u00f3rios com todo mobili\u00e1rio;<\/li>\n\n\n\n<li>Equipamentos para oftalmologia como greens, alto refrator, l\u00e2mpada de fenda, OBI, dentre outros;<\/li>\n\n\n\n<li>Sistema de gest\u00e3o m\u00e9dica;<\/li>\n<\/ul>\n\n\n\n<h2 class=\"wp-block-heading\">Nossa Miss\u00e3o<\/h2>\n\n\n<div class=\"wp-block-image\">\n<figure class=\"aligncenter size-large\"><img decoding=\"async\" width=\"732\" height=\"1024\" src=\"https:\/\/copconsultasmedicas.com.br\/wp-content\/uploads\/2021\/04\/COP-Missao-732x1024.jpg\" alt=\"\" class=\"wp-image-80\" srcset=\"https:\/\/copconsultasmedicas.com.br\/wp-content\/uploads\/2021\/04\/COP-Missao-732x1024.jpg 732w, https:\/\/copconsultasmedicas.com.br\/wp-content\/uploads\/2021\/04\/COP-Missao-215x300.jpg 215w, https:\/\/copconsultasmedicas.com.br\/wp-content\/uploads\/2021\/04\/COP-Missao-768x1074.jpg 768w, https:\/\/copconsultasmedicas.com.br\/wp-content\/uploads\/2021\/04\/COP-Missao.jpg 879w\" sizes=\"(max-width: 732px) 100vw, 732px\" \/><\/figure><\/div>\n\n\n<h2 class=\"wp-block-heading\">Nossa Vis\u00e3o<\/h2>\n\n\n<div class=\"wp-block-image\">\n<figure class=\"aligncenter size-large\"><img decoding=\"async\" width=\"732\" height=\"1024\" src=\"https:\/\/copconsultasmedicas.com.br\/wp-content\/uploads\/2021\/04\/COP-Visao-732x1024.jpg\" alt=\"\" class=\"wp-image-81\" srcset=\"https:\/\/copconsultasmedicas.com.br\/wp-content\/uploads\/2021\/04\/COP-Visao-732x1024.jpg 732w, https:\/\/copconsultasmedicas.com.br\/wp-content\/uploads\/2021\/04\/COP-Visao-215x300.jpg 215w, https:\/\/copconsultasmedicas.com.br\/wp-content\/uploads\/2021\/04\/COP-Visao-768x1074.jpg 768w, https:\/\/copconsultasmedicas.com.br\/wp-content\/uploads\/2021\/04\/COP-Visao.jpg 879w\" sizes=\"(max-width: 732px) 100vw, 732px\" \/><\/figure><\/div>\n\n\n<h2 class=\"wp-block-heading\">Nossos Valores<\/h2>\n\n\n<div class=\"wp-block-image\">\n<figure class=\"aligncenter size-large\"><img loading=\"lazy\" decoding=\"async\" width=\"720\" height=\"1024\" src=\"https:\/\/copconsultasmedicas.com.br\/wp-content\/uploads\/2021\/04\/COP-Valores-720x1024.jpg\" alt=\"\" class=\"wp-image-82\" srcset=\"https:\/\/copconsultasmedicas.com.br\/wp-content\/uploads\/2021\/04\/COP-Valores-720x1024.jpg 720w, https:\/\/copconsultasmedicas.com.br\/wp-content\/uploads\/2021\/04\/COP-Valores-211x300.jpg 211w, https:\/\/copconsultasmedicas.com.br\/wp-content\/uploads\/2021\/04\/COP-Valores-768x1092.jpg 768w, https:\/\/copconsultasmedicas.com.br\/wp-content\/uploads\/2021\/04\/COP-Valores.jpg 879w\" sizes=\"(max-width: 720px) 100vw, 720px\" \/><\/figure><\/div>\n\n\n<h2 class=\"wp-block-heading\">O que fazemos para melhorar<\/h2>\n\n\n\n<figure class=\"wp-block-image size-large\"><img loading=\"lazy\" decoding=\"async\" width=\"1024\" height=\"1024\" src=\"https:\/\/copconsultasmedicas.com.br\/wp-content\/uploads\/2021\/04\/COP-Plano-Trabalho-1024x1024.png\" alt=\"\" class=\"wp-image-83\" srcset=\"https:\/\/copconsultasmedicas.com.br\/wp-content\/uploads\/2021\/04\/COP-Plano-Trabalho-1024x1024.png 1024w, https:\/\/copconsultasmedicas.com.br\/wp-content\/uploads\/2021\/04\/COP-Plano-Trabalho-300x300.png 300w, https:\/\/copconsultasmedicas.com.br\/wp-content\/uploads\/2021\/04\/COP-Plano-Trabalho-150x150.png 150w, https:\/\/copconsultasmedicas.com.br\/wp-content\/uploads\/2021\/04\/COP-Plano-Trabalho-768x768.png 768w, https:\/\/copconsultasmedicas.com.br\/wp-content\/uploads\/2021\/04\/COP-Plano-Trabalho-1536x1536.png 1536w, https:\/\/copconsultasmedicas.com.br\/wp-content\/uploads\/2021\/04\/COP-Plano-Trabalho-1200x1200.png 1200w, https:\/\/copconsultasmedicas.com.br\/wp-content\/uploads\/2021\/04\/COP-Plano-Trabalho.png 1890w\" sizes=\"(max-width: 1024px) 100vw, 1024px\" \/><\/figure>\n","protected":false},"excerpt":{"rendered":"<p>Um novo conceito de trabalho compartilhado esta surgindo com a COP Exames de Vista! Com foco em oferecer um ambiente dedicado a consultas m\u00e9dicas em oftalmologia, a COP CoWorking M\u00e9dico \u00e9 uma empresa de loca\u00e7\u00e3o de infra estrutura e servi\u00e7os administrativos vinculados. \u00c9 poss\u00edvel locar o consult\u00f3rio para realiza\u00e7\u00e3o de consultas em oftalmologia! Todas as [&hellip;]<\/p>\n","protected":false},"author":1,"featured_media":0,"parent":0,"menu_order":0,"comment_status":"closed","ping_status":"closed","template":"","meta":{"footnotes":""},"class_list":["post-7","page","type-page","status-publish","hentry"],"aioseo_notices":[],"_links":{"self":[{"href":"https:\/\/copconsultasmedicas.com.br\/index.php\/wp-json\/wp\/v2\/pages\/7","targetHints":{"allow":["GET"]}}],"collection":[{"href":"https:\/\/copconsultasmedicas.com.br\/index.php\/wp-json\/wp\/v2\/pages"}],"about":[{"href":"https:\/\/copconsultasmedicas.com.br\/index.php\/wp-json\/wp\/v2\/types\/page"}],"author":[{"embeddable":true,"href":"https:\/\/copconsultasmedicas.com.br\/index.php\/wp-json\/wp\/v2\/users\/1"}],"replies":[{"embeddable":true,"href":"https:\/\/copconsultasmedicas.com.br\/index.php\/wp-json\/wp\/v2\/comments?post=7"}],"version-history":[{"count":3,"href":"https:\/\/copconsultasmedicas.com.br\/index.php\/wp-json\/wp\/v2\/pages\/7\/revisions"}],"predecessor-version":[{"id":102,"href":"https:\/\/copconsultasmedicas.com.br\/index.php\/wp-json\/wp\/v2\/pages\/7\/revisions\/102"}],"wp:attachment":[{"href":"https:\/\/copconsultasmedicas.com.br\/index.php\/wp-json\/wp\/v2\/media?parent=7"}],"curies":[{"name":"wp","href":"https:\/\/api.w.org\/{rel}","templated":true}]}}