{"id":8,"date":"2021-04-24T12:14:24","date_gmt":"2021-04-24T15:14:24","guid":{"rendered":"http:\/\/copconsultasmedicas.com.br\/?page_id=8"},"modified":"2021-04-26T20:53:29","modified_gmt":"2021-04-26T23:53:29","slug":"contato","status":"publish","type":"page","link":"https:\/\/copconsultasmedicas.com.br\/index.php\/contato\/","title":{"rendered":"Contato"},"content":{"rendered":"\n<p>A COP fica na AV. VP1, 1.799 em Nova Contagem &#8211; Contagem &#8211; MG &#8211; Brasil.<\/p>\n\n\n\t\t<div\n            id=\"wpmapblock_0\"\n            data-settings='{&quot;map_marker&quot;:[{&quot;lat&quot;:&quot;-19.8291&quot;,&quot;lng&quot;:&quot;-44.1476&quot;,&quot;title&quot;:&quot;COP Consultas M\\u00e9dicas e Odontologia&quot;,&quot;content&quot;:&quot;Centro especializado em odontologia e consultas m\\u00e9dicas.&quot;,&quot;iconType&quot;:&quot;default&quot;,&quot;customIconUrl&quot;:&quot;&quot;,&quot;customIconWidth&quot;:&quot;25&quot;,&quot;customIconHeight&quot;:&quot;40&quot;}],&quot;map_zoom&quot;:&quot;17&quot;,&quot;scroll_wheel_zoom&quot;:false,&quot;map_type&quot;:&quot;GM&quot;,&quot;center_index&quot;:0}'\n            class=\"wpmapblockrender\"\n            style=\"\n\t\t\twidth: 100%;\n\t\t\theight: 555px;\n\t\t\"\n            >\n        <\/div>\n        \n\n\n<p>Voc\u00ea pode falar conosco trav\u00e9s dos seguintes n\u00fameros:<br>Fixo: (31) 3911-6214 (tamb\u00e9m WhatsApp)<br>Celular: (31) 98646-4153 (tamb\u00e9m WhatsApp)<br><\/p>\n\n\n\n<p>Pode nos contactar pelo e-mail:<br>contato@copconsultasmedicas.com.br<\/p>\n","protected":false},"excerpt":{"rendered":"<p>A COP fica na AV. VP1, 1.799 em Nova Contagem &#8211; Contagem &#8211; MG &#8211; Brasil. Voc\u00ea pode falar conosco trav\u00e9s dos seguintes n\u00fameros:Fixo: (31) 3911-6214 (tamb\u00e9m WhatsApp)Celular: (31) 98646-4153 (tamb\u00e9m WhatsApp) Pode nos contactar pelo e-mail:contato@copconsultasmedicas.com.br<\/p>\n","protected":false},"author":1,"featured_media":0,"parent":0,"menu_order":0,"comment_status":"closed","ping_status":"closed","template":"","meta":{"footnotes":""},"class_list":["post-8","page","type-page","status-publish","hentry"],"aioseo_notices":[],"_links":{"self":[{"href":"https:\/\/copconsultasmedicas.com.br\/index.php\/wp-json\/wp\/v2\/pages\/8","targetHints":{"allow":["GET"]}}],"collection":[{"href":"https:\/\/copconsultasmedicas.com.br\/index.php\/wp-json\/wp\/v2\/pages"}],"about":[{"href":"https:\/\/copconsultasmedicas.com.br\/index.php\/wp-json\/wp\/v2\/types\/page"}],"author":[{"embeddable":true,"href":"https:\/\/copconsultasmedicas.com.br\/index.php\/wp-json\/wp\/v2\/users\/1"}],"replies":[{"embeddable":true,"href":"https:\/\/copconsultasmedicas.com.br\/index.php\/wp-json\/wp\/v2\/comments?post=8"}],"version-history":[{"count":3,"href":"https:\/\/copconsultasmedicas.com.br\/index.php\/wp-json\/wp\/v2\/pages\/8\/revisions"}],"predecessor-version":[{"id":58,"href":"https:\/\/copconsultasmedicas.com.br\/index.php\/wp-json\/wp\/v2\/pages\/8\/revisions\/58"}],"wp:attachment":[{"href":"https:\/\/copconsultasmedicas.com.br\/index.php\/wp-json\/wp\/v2\/media?parent=8"}],"curies":[{"name":"wp","href":"https:\/\/api.w.org\/{rel}","templated":true}]}}